{"id":8,"date":"2023-09-02T16:41:45","date_gmt":"2023-09-02T16:41:45","guid":{"rendered":"https:\/\/cryptoadria.com\/istrazivanje\/?page_id=8"},"modified":"2023-09-23T22:48:20","modified_gmt":"2023-09-23T22:48:20","slug":"naslovna","status":"publish","type":"page","link":"https:\/\/cryptoadria.com\/istrazivanje\/","title":{"rendered":"Najve\u0107e kripto istra\u017eivanje i najve\u0107i nagradni fond!"},"content":{"rendered":"\t\t<div data-elementor-type=\"wp-post\" data-elementor-id=\"8\" class=\"elementor elementor-8\">\n\t\t\t\t\t\t\t\t\t<section class=\"elementor-section elementor-top-section elementor-element elementor-element-4dff986 elementor-section-boxed elementor-section-height-default elementor-section-height-default\" data-id=\"4dff986\" data-element_type=\"section\">\n\t\t\t\t\t\t<div class=\"elementor-container elementor-column-gap-default\">\n\t\t\t\t\t<div class=\"elementor-column elementor-col-33 elementor-top-column elementor-element elementor-element-8de919f\" data-id=\"8de919f\" data-element_type=\"column\">\n\t\t\t<div class=\"elementor-widget-wrap elementor-element-populated\">\n\t\t\t\t\t\t\t\t<div class=\"elementor-element elementor-element-072467f elementor-widget elementor-widget-image\" data-id=\"072467f\" data-element_type=\"widget\" data-widget_type=\"image.default\">\n\t\t\t\t<div class=\"elementor-widget-container\">\n\t\t\t<style>\/*! elementor - v3.15.0 - 20-08-2023 *\/\n.elementor-widget-image{text-align:center}.elementor-widget-image a{display:inline-block}.elementor-widget-image a img[src$=\".svg\"]{width:48px}.elementor-widget-image img{vertical-align:middle;display:inline-block}<\/style>\t\t\t\t\t\t\t\t\t\t\t\t\t<a href=\"https:\/\/cryptoadria.com\/istrazivanje\">\n\t\t\t\t\t\t\t<img decoding=\"async\" src=\"https:\/\/cryptoadria.com\/istrazivanje\/wp-content\/uploads\/2023\/09\/ca-istrazivanje-dark-bg.png\" title=\"ca-istrazivanje-dark-bg\" alt=\"ca-istrazivanje-dark-bg\" loading=\"lazy\" \/>\t\t\t\t\t\t\t\t<\/a>\n\t\t\t\t\t\t\t\t\t\t\t\t\t\t\t<\/div>\n\t\t\t\t<\/div>\n\t\t\t\t\t<\/div>\n\t\t<\/div>\n\t\t\t\t<div class=\"elementor-column elementor-col-33 elementor-top-column elementor-element elementor-element-751122e\" data-id=\"751122e\" data-element_type=\"column\">\n\t\t\t<div class=\"elementor-widget-wrap\">\n\t\t\t\t\t\t\t\t\t<\/div>\n\t\t<\/div>\n\t\t\t\t<div class=\"elementor-column elementor-col-33 elementor-top-column elementor-element elementor-element-2c03118\" data-id=\"2c03118\" data-element_type=\"column\">\n\t\t\t<div class=\"elementor-widget-wrap\">\n\t\t\t\t\t\t\t\t\t<\/div>\n\t\t<\/div>\n\t\t\t\t\t\t\t<\/div>\n\t\t<\/section>\n\t\t\t\t<section class=\"elementor-section elementor-top-section elementor-element elementor-element-8b2b3f3 elementor-section-boxed elementor-section-height-default elementor-section-height-default\" data-id=\"8b2b3f3\" data-element_type=\"section\">\n\t\t\t\t\t\t<div class=\"elementor-container elementor-column-gap-default\">\n\t\t\t\t\t<div class=\"elementor-column elementor-col-100 elementor-top-column elementor-element elementor-element-db672dd\" data-id=\"db672dd\" data-element_type=\"column\">\n\t\t\t<div class=\"elementor-widget-wrap elementor-element-populated\">\n\t\t\t\t\t\t\t\t<div class=\"elementor-element elementor-element-0b3a89f elementor-widget elementor-widget-image\" data-id=\"0b3a89f\" data-element_type=\"widget\" data-widget_type=\"image.default\">\n\t\t\t\t<div class=\"elementor-widget-container\">\n\t\t\t\t\t\t\t\t\t\t\t\t\t\t\t<img loading=\"lazy\" decoding=\"async\" width=\"3840\" height=\"2160\" src=\"https:\/\/cryptoadria.com\/istrazivanje\/wp-content\/uploads\/2023\/09\/Contest1980.png\" class=\"attachment-full size-full wp-image-224\" alt=\"Crypto Adria - Veliko kripto istra\u017eivanje\" srcset=\"https:\/\/cryptoadria.com\/istrazivanje\/wp-content\/uploads\/2023\/09\/Contest1980.png 3840w, https:\/\/cryptoadria.com\/istrazivanje\/wp-content\/uploads\/2023\/09\/Contest1980-300x169.png 300w, https:\/\/cryptoadria.com\/istrazivanje\/wp-content\/uploads\/2023\/09\/Contest1980-1024x576.png 1024w, https:\/\/cryptoadria.com\/istrazivanje\/wp-content\/uploads\/2023\/09\/Contest1980-768x432.png 768w, https:\/\/cryptoadria.com\/istrazivanje\/wp-content\/uploads\/2023\/09\/Contest1980-1536x864.png 1536w, https:\/\/cryptoadria.com\/istrazivanje\/wp-content\/uploads\/2023\/09\/Contest1980-2048x1152.png 2048w\" sizes=\"auto, (max-width: 3840px) 100vw, 3840px\" \/>\t\t\t\t\t\t\t\t\t\t\t\t\t\t\t<\/div>\n\t\t\t\t<\/div>\n\t\t\t\t\t<\/div>\n\t\t<\/div>\n\t\t\t\t\t\t\t<\/div>\n\t\t<\/section>\n\t\t\t\t<section class=\"elementor-section elementor-top-section elementor-element elementor-element-956d79f elementor-section-boxed elementor-section-height-default elementor-section-height-default\" data-id=\"956d79f\" data-element_type=\"section\">\n\t\t\t\t\t\t<div class=\"elementor-container elementor-column-gap-default\">\n\t\t\t\t\t<div class=\"elementor-column elementor-col-25 elementor-top-column elementor-element elementor-element-1e517d4\" data-id=\"1e517d4\" data-element_type=\"column\">\n\t\t\t<div class=\"elementor-widget-wrap\">\n\t\t\t\t\t\t\t\t\t<\/div>\n\t\t<\/div>\n\t\t\t\t<div class=\"elementor-column elementor-col-50 elementor-top-column elementor-element elementor-element-a64e3f4\" data-id=\"a64e3f4\" data-element_type=\"column\">\n\t\t\t<div class=\"elementor-widget-wrap elementor-element-populated\">\n\t\t\t\t\t\t\t\t<div class=\"elementor-element elementor-element-586eab2 elementor-widget elementor-widget-heading\" data-id=\"586eab2\" data-element_type=\"widget\" data-widget_type=\"heading.default\">\n\t\t\t\t<div class=\"elementor-widget-container\">\n\t\t\t<style>\/*! elementor - v3.15.0 - 20-08-2023 *\/\n.elementor-heading-title{padding:0;margin:0;line-height:1}.elementor-widget-heading .elementor-heading-title[class*=elementor-size-]>a{color:inherit;font-size:inherit;line-height:inherit}.elementor-widget-heading .elementor-heading-title.elementor-size-small{font-size:15px}.elementor-widget-heading .elementor-heading-title.elementor-size-medium{font-size:19px}.elementor-widget-heading .elementor-heading-title.elementor-size-large{font-size:29px}.elementor-widget-heading .elementor-heading-title.elementor-size-xl{font-size:39px}.elementor-widget-heading .elementor-heading-title.elementor-size-xxl{font-size:59px}<\/style><h2 class=\"elementor-heading-title elementor-size-default\">O ISTRA\u017dIVANJU<\/h2>\t\t<\/div>\n\t\t\t\t<\/div>\n\t\t\t\t<div class=\"elementor-element elementor-element-f9b45ad elementor-widget__width-initial elementor-widget elementor-widget-text-editor\" data-id=\"f9b45ad\" data-element_type=\"widget\" data-widget_type=\"text-editor.default\">\n\t\t\t\t<div class=\"elementor-widget-container\">\n\t\t\t<style>\/*! elementor - v3.15.0 - 20-08-2023 *\/\n.elementor-widget-text-editor.elementor-drop-cap-view-stacked .elementor-drop-cap{background-color:#69727d;color:#fff}.elementor-widget-text-editor.elementor-drop-cap-view-framed .elementor-drop-cap{color:#69727d;border:3px solid;background-color:transparent}.elementor-widget-text-editor:not(.elementor-drop-cap-view-default) .elementor-drop-cap{margin-top:8px}.elementor-widget-text-editor:not(.elementor-drop-cap-view-default) .elementor-drop-cap-letter{width:1em;height:1em}.elementor-widget-text-editor .elementor-drop-cap{float:left;text-align:center;line-height:1;font-size:50px}.elementor-widget-text-editor .elementor-drop-cap-letter{display:inline-block}<\/style>\t\t\t\t<p><strong>ISTRA\u017dIVANJE ZAVR\u0160ENO.<\/strong><\/p>\t\t\t\t\t\t<\/div>\n\t\t\t\t<\/div>\n\t\t\t\t\t<\/div>\n\t\t<\/div>\n\t\t\t\t<div class=\"elementor-column elementor-col-25 elementor-top-column elementor-element elementor-element-c1cee27\" data-id=\"c1cee27\" data-element_type=\"column\">\n\t\t\t<div class=\"elementor-widget-wrap\">\n\t\t\t\t\t\t\t\t\t<\/div>\n\t\t<\/div>\n\t\t\t\t\t\t\t<\/div>\n\t\t<\/section>\n\t\t\t\t<section class=\"elementor-section elementor-top-section elementor-element elementor-element-a907703 elementor-section-boxed elementor-section-height-default elementor-section-height-default\" data-id=\"a907703\" data-element_type=\"section\">\n\t\t\t\t\t\t<div class=\"elementor-container elementor-column-gap-default\">\n\t\t\t\t\t<div class=\"elementor-column elementor-col-100 elementor-top-column elementor-element elementor-element-a01091a\" data-id=\"a01091a\" data-element_type=\"column\">\n\t\t\t<div class=\"elementor-widget-wrap elementor-element-populated\">\n\t\t\t\t\t\t\t\t<div class=\"elementor-element elementor-element-9dbf344 elementor-widget-divider--view-line elementor-widget elementor-widget-divider\" data-id=\"9dbf344\" data-element_type=\"widget\" data-widget_type=\"divider.default\">\n\t\t\t\t<div class=\"elementor-widget-container\">\n\t\t\t<style>\/*! elementor - v3.15.0 - 20-08-2023 *\/\n.elementor-widget-divider{--divider-border-style:none;--divider-border-width:1px;--divider-color:#0c0d0e;--divider-icon-size:20px;--divider-element-spacing:10px;--divider-pattern-height:24px;--divider-pattern-size:20px;--divider-pattern-url:none;--divider-pattern-repeat:repeat-x}.elementor-widget-divider .elementor-divider{display:flex}.elementor-widget-divider .elementor-divider__text{font-size:15px;line-height:1;max-width:95%}.elementor-widget-divider .elementor-divider__element{margin:0 var(--divider-element-spacing);flex-shrink:0}.elementor-widget-divider .elementor-icon{font-size:var(--divider-icon-size)}.elementor-widget-divider .elementor-divider-separator{display:flex;margin:0;direction:ltr}.elementor-widget-divider--view-line_icon .elementor-divider-separator,.elementor-widget-divider--view-line_text .elementor-divider-separator{align-items:center}.elementor-widget-divider--view-line_icon .elementor-divider-separator:after,.elementor-widget-divider--view-line_icon .elementor-divider-separator:before,.elementor-widget-divider--view-line_text .elementor-divider-separator:after,.elementor-widget-divider--view-line_text .elementor-divider-separator:before{display:block;content:\"\";border-bottom:0;flex-grow:1;border-top:var(--divider-border-width) var(--divider-border-style) var(--divider-color)}.elementor-widget-divider--element-align-left .elementor-divider .elementor-divider-separator>.elementor-divider__svg:first-of-type{flex-grow:0;flex-shrink:100}.elementor-widget-divider--element-align-left .elementor-divider-separator:before{content:none}.elementor-widget-divider--element-align-left .elementor-divider__element{margin-left:0}.elementor-widget-divider--element-align-right .elementor-divider .elementor-divider-separator>.elementor-divider__svg:last-of-type{flex-grow:0;flex-shrink:100}.elementor-widget-divider--element-align-right .elementor-divider-separator:after{content:none}.elementor-widget-divider--element-align-right .elementor-divider__element{margin-right:0}.elementor-widget-divider:not(.elementor-widget-divider--view-line_text):not(.elementor-widget-divider--view-line_icon) .elementor-divider-separator{border-top:var(--divider-border-width) var(--divider-border-style) var(--divider-color)}.elementor-widget-divider--separator-type-pattern{--divider-border-style:none}.elementor-widget-divider--separator-type-pattern.elementor-widget-divider--view-line .elementor-divider-separator,.elementor-widget-divider--separator-type-pattern:not(.elementor-widget-divider--view-line) .elementor-divider-separator:after,.elementor-widget-divider--separator-type-pattern:not(.elementor-widget-divider--view-line) .elementor-divider-separator:before,.elementor-widget-divider--separator-type-pattern:not([class*=elementor-widget-divider--view]) .elementor-divider-separator{width:100%;min-height:var(--divider-pattern-height);-webkit-mask-size:var(--divider-pattern-size) 100%;mask-size:var(--divider-pattern-size) 100%;-webkit-mask-repeat:var(--divider-pattern-repeat);mask-repeat:var(--divider-pattern-repeat);background-color:var(--divider-color);-webkit-mask-image:var(--divider-pattern-url);mask-image:var(--divider-pattern-url)}.elementor-widget-divider--no-spacing{--divider-pattern-size:auto}.elementor-widget-divider--bg-round{--divider-pattern-repeat:round}.rtl .elementor-widget-divider .elementor-divider__text{direction:rtl}.e-con-inner>.elementor-widget-divider,.e-con>.elementor-widget-divider{width:var(--container-widget-width,100%);--flex-grow:var(--container-widget-flex-grow)}<\/style>\t\t<div class=\"elementor-divider\">\n\t\t\t<span class=\"elementor-divider-separator\">\n\t\t\t\t\t\t<\/span>\n\t\t<\/div>\n\t\t\t\t<\/div>\n\t\t\t\t<\/div>\n\t\t\t\t<div class=\"elementor-element elementor-element-34dffb6 elementor-widget elementor-widget-image\" data-id=\"34dffb6\" data-element_type=\"widget\" data-widget_type=\"image.default\">\n\t\t\t\t<div class=\"elementor-widget-container\">\n\t\t\t\t\t\t\t\t\t\t\t\t\t\t\t\t<a href=\"https:\/\/cryptoadria.com\/konferencija\/\" target=\"_blank\">\n\t\t\t\t\t\t\t<img loading=\"lazy\" decoding=\"async\" width=\"728\" height=\"90\" src=\"https:\/\/cryptoadria.com\/istrazivanje\/wp-content\/uploads\/2023\/09\/20230727_crypto_adria_conference_banner_728x90.png\" class=\"attachment-full size-full wp-image-121\" alt=\"\" srcset=\"https:\/\/cryptoadria.com\/istrazivanje\/wp-content\/uploads\/2023\/09\/20230727_crypto_adria_conference_banner_728x90.png 728w, https:\/\/cryptoadria.com\/istrazivanje\/wp-content\/uploads\/2023\/09\/20230727_crypto_adria_conference_banner_728x90-300x37.png 300w\" sizes=\"auto, (max-width: 728px) 100vw, 728px\" \/>\t\t\t\t\t\t\t\t<\/a>\n\t\t\t\t\t\t\t\t\t\t\t\t\t\t\t<\/div>\n\t\t\t\t<\/div>\n\t\t\t\t<div class=\"elementor-element elementor-element-8fd13ac elementor-widget-divider--view-line elementor-widget elementor-widget-divider\" data-id=\"8fd13ac\" data-element_type=\"widget\" data-widget_type=\"divider.default\">\n\t\t\t\t<div class=\"elementor-widget-container\">\n\t\t\t\t\t<div class=\"elementor-divider\">\n\t\t\t<span class=\"elementor-divider-separator\">\n\t\t\t\t\t\t<\/span>\n\t\t<\/div>\n\t\t\t\t<\/div>\n\t\t\t\t<\/div>\n\t\t\t\t<div class=\"elementor-element elementor-element-0251486 elementor-widget__width-initial elementor-widget elementor-widget-text-editor\" data-id=\"0251486\" data-element_type=\"widget\" data-widget_type=\"text-editor.default\">\n\t\t\t\t<div class=\"elementor-widget-container\">\n\t\t\t\t\t\t\t<div id=\"page\" class=\"cs-site\"><div class=\"cs-site-inner\"><footer class=\"cs-footer cs-footer-one\" data-scheme=\"inverse\"><div class=\"cs-footer__bottom\"><div class=\"cs-container\"><div class=\"cs-footer__item\"><div class=\"cs-footer__col cs-col-left\"><div class=\"cs-footer__inner\"><div class=\"cs-footer__copyright\">Sva prava zadr\u017eavamo. \u00a9 2023 Crypto Adria &#8211; Istra\u017eivanje. Pro\u010ditajte na\u0161u <a href=\"https:\/\/cryptoadria.com\/istrazivanje\/politika-privatnosti\/\">Politiku Privatnosti<\/a>. Kontakt: <a style=\"color: #d3d812; text-decoration: underline;\" href=\"mailto:istrazivanje@cryptoadria.com\">istrazivanje@cryptoadria.com<\/a>.<\/div><\/div><\/div><\/div><\/div><\/div><\/footer><\/div><\/div>\t\t\t\t\t\t<\/div>\n\t\t\t\t<\/div>\n\t\t\t\t\t<\/div>\n\t\t<\/div>\n\t\t\t\t\t\t\t<\/div>\n\t\t<\/section>\n\t\t\t\t\t\t\t<\/div>\n\t\t","protected":false},"excerpt":{"rendered":"<p>O ISTRA\u017dIVANJU ISTRA\u017dIVANJE ZAVR\u0160ENO. Sva prava zadr\u017eavamo. \u00a9 2023 Crypto Adria &#8211; Istra\u017eivanje. Pro\u010ditajte na\u0161u Politiku Privatnosti. Kontakt: istrazivanje@cryptoadria.com.<\/p>\n","protected":false},"author":1,"featured_media":224,"parent":0,"menu_order":0,"comment_status":"closed","ping_status":"closed","template":"elementor_canvas","meta":{"footnotes":""},"class_list":["post-8","page","type-page","status-publish","has-post-thumbnail","hentry"],"yoast_head":"<!-- This site is optimized with the Yoast SEO plugin v21.0 - https:\/\/yoast.com\/wordpress\/plugins\/seo\/ -->\n<title>Najve\u0107e kripto istra\u017eivanje i najve\u0107i nagradni fond! - Veliko kripto istra\u017eivanje i nagradna igra<\/title>\n<meta name=\"description\" content=\"Radimo na\u0161e prvo istra\u017eivanje koje \u0107emo napraviti kao regionalna kripto platforma. Cilj istra\u017eivanja jeste da bolje upoznamo kripto zajednicu.\" \/>\n<meta name=\"robots\" content=\"index, follow, max-snippet:-1, max-image-preview:large, max-video-preview:-1\" \/>\n<link rel=\"canonical\" href=\"https:\/\/cryptoadria.com\/istrazivanje\/naslovna\/\" \/>\n<meta property=\"og:locale\" content=\"en_US\" \/>\n<meta property=\"og:type\" content=\"article\" \/>\n<meta property=\"og:title\" content=\"Najve\u0107e kripto istra\u017eivanje i najve\u0107i nagradni fond!\" \/>\n<meta property=\"og:description\" content=\"Radimo na\u0161e prvo istra\u017eivanje koje \u0107emo napraviti kao regionalna kripto platforma. Cilj istra\u017eivanja jeste da bolje upoznamo kripto zajednicu.\" \/>\n<meta property=\"og:url\" content=\"https:\/\/cryptoadria.com\/istrazivanje\/naslovna\/\" \/>\n<meta property=\"og:site_name\" content=\"Veliko kripto istra\u017eivanje i nagradna igra\" \/>\n<meta property=\"article:modified_time\" content=\"2023-09-23T22:48:20+00:00\" \/>\n<meta property=\"og:image\" content=\"https:\/\/cryptoadria.com\/istrazivanje\/wp-content\/uploads\/2023\/09\/Contest1980-1024x576.png\" \/>\n\t<meta property=\"og:image:width\" content=\"1024\" \/>\n\t<meta property=\"og:image:height\" content=\"576\" \/>\n\t<meta property=\"og:image:type\" content=\"image\/png\" \/>\n<meta name=\"twitter:card\" content=\"summary_large_image\" \/>\n<meta name=\"twitter:title\" content=\"Najve\u0107e kripto istra\u017eivanje i najve\u0107i nagradni fond!\" \/>\n<meta name=\"twitter:description\" content=\"Radimo na\u0161e prvo istra\u017eivanje koje \u0107emo napraviti kao regionalna kripto platforma. Cilj istra\u017eivanja jeste da bolje upoznamo kripto zajednicu.\" \/>\n<meta name=\"twitter:image\" content=\"https:\/\/cryptoadria.com\/istrazivanje\/wp-content\/uploads\/2023\/09\/istrazivanje-seo-banner.png\" \/>\n<meta name=\"twitter:label1\" content=\"Est. reading time\" \/>\n\t<meta name=\"twitter:data1\" content=\"2 minutes\" \/>\n<script type=\"application\/ld+json\" class=\"yoast-schema-graph\">{\"@context\":\"https:\/\/schema.org\",\"@graph\":[{\"@type\":\"WebPage\",\"@id\":\"https:\/\/cryptoadria.com\/istrazivanje\/naslovna\/\",\"url\":\"https:\/\/cryptoadria.com\/istrazivanje\/naslovna\/\",\"name\":\"Najve\u0107e kripto istra\u017eivanje i najve\u0107i nagradni fond! - Veliko kripto istra\u017eivanje i nagradna igra\",\"isPartOf\":{\"@id\":\"https:\/\/cryptoadria.com\/istrazivanje\/#website\"},\"datePublished\":\"2023-09-02T16:41:45+00:00\",\"dateModified\":\"2023-09-23T22:48:20+00:00\",\"description\":\"Radimo na\u0161e prvo istra\u017eivanje koje \u0107emo napraviti kao regionalna kripto platforma. Cilj istra\u017eivanja jeste da bolje upoznamo kripto zajednicu.\",\"breadcrumb\":{\"@id\":\"https:\/\/cryptoadria.com\/istrazivanje\/naslovna\/#breadcrumb\"},\"inLanguage\":\"en-US\",\"potentialAction\":[{\"@type\":\"ReadAction\",\"target\":[\"https:\/\/cryptoadria.com\/istrazivanje\/naslovna\/\"]}]},{\"@type\":\"BreadcrumbList\",\"@id\":\"https:\/\/cryptoadria.com\/istrazivanje\/naslovna\/#breadcrumb\",\"itemListElement\":[{\"@type\":\"ListItem\",\"position\":1,\"name\":\"Home\",\"item\":\"https:\/\/cryptoadria.com\/istrazivanje\/naslovna\/\"},{\"@type\":\"ListItem\",\"position\":2,\"name\":\"Najve\u0107e kripto istra\u017eivanje i najve\u0107i nagradni fond!\"}]},{\"@type\":\"WebSite\",\"@id\":\"https:\/\/cryptoadria.com\/istrazivanje\/#website\",\"url\":\"https:\/\/cryptoadria.com\/istrazivanje\/\",\"name\":\"Veliko kripto istra\u017eivanje i nagradna igra!\",\"description\":\"Crypto Adria - Regionalna kripto platforma\",\"publisher\":{\"@id\":\"https:\/\/cryptoadria.com\/istrazivanje\/#organization\"},\"potentialAction\":[{\"@type\":\"SearchAction\",\"target\":{\"@type\":\"EntryPoint\",\"urlTemplate\":\"https:\/\/cryptoadria.com\/istrazivanje\/?s={search_term_string}\"},\"query-input\":\"required name=search_term_string\"}],\"inLanguage\":\"en-US\"},{\"@type\":\"Organization\",\"@id\":\"https:\/\/cryptoadria.com\/istrazivanje\/#organization\",\"name\":\"Crypto Adria - Istra\u017eivanje\",\"url\":\"https:\/\/cryptoadria.com\/istrazivanje\/\",\"logo\":{\"@type\":\"ImageObject\",\"inLanguage\":\"en-US\",\"@id\":\"https:\/\/cryptoadria.com\/istrazivanje\/#\/schema\/logo\/image\/\",\"url\":\"https:\/\/cryptoadria.com\/istrazivanje\/wp-content\/uploads\/2023\/09\/ca-istrazivanje-dark-bg.png\",\"contentUrl\":\"https:\/\/cryptoadria.com\/istrazivanje\/wp-content\/uploads\/2023\/09\/ca-istrazivanje-dark-bg.png\",\"width\":800,\"height\":216,\"caption\":\"Crypto Adria - Istra\u017eivanje\"},\"image\":{\"@id\":\"https:\/\/cryptoadria.com\/istrazivanje\/#\/schema\/logo\/image\/\"}}]}<\/script>\n<!-- \/ Yoast SEO plugin. -->","yoast_head_json":{"title":"Najve\u0107e kripto istra\u017eivanje i najve\u0107i nagradni fond! - Veliko kripto istra\u017eivanje i nagradna igra","description":"Radimo na\u0161e prvo istra\u017eivanje koje \u0107emo napraviti kao regionalna kripto platforma. Cilj istra\u017eivanja jeste da bolje upoznamo kripto zajednicu.","robots":{"index":"index","follow":"follow","max-snippet":"max-snippet:-1","max-image-preview":"max-image-preview:large","max-video-preview":"max-video-preview:-1"},"canonical":"https:\/\/cryptoadria.com\/istrazivanje\/naslovna\/","og_locale":"en_US","og_type":"article","og_title":"Najve\u0107e kripto istra\u017eivanje i najve\u0107i nagradni fond!","og_description":"Radimo na\u0161e prvo istra\u017eivanje koje \u0107emo napraviti kao regionalna kripto platforma. Cilj istra\u017eivanja jeste da bolje upoznamo kripto zajednicu.","og_url":"https:\/\/cryptoadria.com\/istrazivanje\/naslovna\/","og_site_name":"Veliko kripto istra\u017eivanje i nagradna igra","article_modified_time":"2023-09-23T22:48:20+00:00","og_image":[{"width":1024,"height":576,"url":"https:\/\/cryptoadria.com\/istrazivanje\/wp-content\/uploads\/2023\/09\/Contest1980-1024x576.png","type":"image\/png"}],"twitter_card":"summary_large_image","twitter_title":"Najve\u0107e kripto istra\u017eivanje i najve\u0107i nagradni fond!","twitter_description":"Radimo na\u0161e prvo istra\u017eivanje koje \u0107emo napraviti kao regionalna kripto platforma. Cilj istra\u017eivanja jeste da bolje upoznamo kripto zajednicu.","twitter_image":"https:\/\/cryptoadria.com\/istrazivanje\/wp-content\/uploads\/2023\/09\/istrazivanje-seo-banner.png","twitter_misc":{"Est. reading time":"2 minutes"},"schema":{"@context":"https:\/\/schema.org","@graph":[{"@type":"WebPage","@id":"https:\/\/cryptoadria.com\/istrazivanje\/naslovna\/","url":"https:\/\/cryptoadria.com\/istrazivanje\/naslovna\/","name":"Najve\u0107e kripto istra\u017eivanje i najve\u0107i nagradni fond! - Veliko kripto istra\u017eivanje i nagradna igra","isPartOf":{"@id":"https:\/\/cryptoadria.com\/istrazivanje\/#website"},"datePublished":"2023-09-02T16:41:45+00:00","dateModified":"2023-09-23T22:48:20+00:00","description":"Radimo na\u0161e prvo istra\u017eivanje koje \u0107emo napraviti kao regionalna kripto platforma. Cilj istra\u017eivanja jeste da bolje upoznamo kripto zajednicu.","breadcrumb":{"@id":"https:\/\/cryptoadria.com\/istrazivanje\/naslovna\/#breadcrumb"},"inLanguage":"en-US","potentialAction":[{"@type":"ReadAction","target":["https:\/\/cryptoadria.com\/istrazivanje\/naslovna\/"]}]},{"@type":"BreadcrumbList","@id":"https:\/\/cryptoadria.com\/istrazivanje\/naslovna\/#breadcrumb","itemListElement":[{"@type":"ListItem","position":1,"name":"Home","item":"https:\/\/cryptoadria.com\/istrazivanje\/naslovna\/"},{"@type":"ListItem","position":2,"name":"Najve\u0107e kripto istra\u017eivanje i najve\u0107i nagradni fond!"}]},{"@type":"WebSite","@id":"https:\/\/cryptoadria.com\/istrazivanje\/#website","url":"https:\/\/cryptoadria.com\/istrazivanje\/","name":"Veliko kripto istra\u017eivanje i nagradna igra!","description":"Crypto Adria - Regionalna kripto platforma","publisher":{"@id":"https:\/\/cryptoadria.com\/istrazivanje\/#organization"},"potentialAction":[{"@type":"SearchAction","target":{"@type":"EntryPoint","urlTemplate":"https:\/\/cryptoadria.com\/istrazivanje\/?s={search_term_string}"},"query-input":"required name=search_term_string"}],"inLanguage":"en-US"},{"@type":"Organization","@id":"https:\/\/cryptoadria.com\/istrazivanje\/#organization","name":"Crypto Adria - Istra\u017eivanje","url":"https:\/\/cryptoadria.com\/istrazivanje\/","logo":{"@type":"ImageObject","inLanguage":"en-US","@id":"https:\/\/cryptoadria.com\/istrazivanje\/#\/schema\/logo\/image\/","url":"https:\/\/cryptoadria.com\/istrazivanje\/wp-content\/uploads\/2023\/09\/ca-istrazivanje-dark-bg.png","contentUrl":"https:\/\/cryptoadria.com\/istrazivanje\/wp-content\/uploads\/2023\/09\/ca-istrazivanje-dark-bg.png","width":800,"height":216,"caption":"Crypto Adria - Istra\u017eivanje"},"image":{"@id":"https:\/\/cryptoadria.com\/istrazivanje\/#\/schema\/logo\/image\/"}}]}},"_links":{"self":[{"href":"https:\/\/cryptoadria.com\/istrazivanje\/wp-json\/wp\/v2\/pages\/8","targetHints":{"allow":["GET"]}}],"collection":[{"href":"https:\/\/cryptoadria.com\/istrazivanje\/wp-json\/wp\/v2\/pages"}],"about":[{"href":"https:\/\/cryptoadria.com\/istrazivanje\/wp-json\/wp\/v2\/types\/page"}],"author":[{"embeddable":true,"href":"https:\/\/cryptoadria.com\/istrazivanje\/wp-json\/wp\/v2\/users\/1"}],"replies":[{"embeddable":true,"href":"https:\/\/cryptoadria.com\/istrazivanje\/wp-json\/wp\/v2\/comments?post=8"}],"version-history":[{"count":119,"href":"https:\/\/cryptoadria.com\/istrazivanje\/wp-json\/wp\/v2\/pages\/8\/revisions"}],"predecessor-version":[{"id":313,"href":"https:\/\/cryptoadria.com\/istrazivanje\/wp-json\/wp\/v2\/pages\/8\/revisions\/313"}],"wp:featuredmedia":[{"embeddable":true,"href":"https:\/\/cryptoadria.com\/istrazivanje\/wp-json\/wp\/v2\/media\/224"}],"wp:attachment":[{"href":"https:\/\/cryptoadria.com\/istrazivanje\/wp-json\/wp\/v2\/media?parent=8"}],"curies":[{"name":"wp","href":"https:\/\/api.w.org\/{rel}","templated":true}]}}